{"id":88605,"date":"2021-06-19T17:44:58","date_gmt":"2021-06-19T15:44:58","guid":{"rendered":"https:\/\/www.tevini.at\/?page_id=88605"},"modified":"2023-06-19T11:15:51","modified_gmt":"2023-06-19T09:15:51","slug":"kontakt","status":"publish","type":"page","link":"https:\/\/www.tevini.at\/de\/kontakt\/","title":{"rendered":"Kontakt"},"content":{"rendered":"<div class=\"wpb-content-wrapper\"><p>[vc_row][vc_column width=&#8220;1\/1&#8243;][uncode_slider][vc_row_inner row_inner_height_percent=&#8220;0&#8243; back_image=&#8220;87697&#8243; back_position=&#8220;center center&#8220; overlay_color=&#8220;color-143431&#8243; overlay_alpha=&#8220;100&#8243; overlay_color_blend=&#8220;multiply&#8220; gutter_size=&#8220;3&#8243; shift_y=&#8220;0&#8243; z_index=&#8220;0&#8243;][vc_column_inner column_width_percent=&#8220;100&#8243; align_horizontal=&#8220;align_center&#8220; gutter_size=&#8220;3&#8243; overlay_alpha=&#8220;50&#8243; shift_x=&#8220;0&#8243; shift_y=&#8220;0&#8243; shift_y_down=&#8220;0&#8243; z_index=&#8220;0&#8243; medium_width=&#8220;0&#8243; mobile_width=&#8220;0&#8243; width=&#8220;1\/1&#8243;][vc_empty_space empty_h=&#8220;3&#8243;][vc_custom_heading text_color=&#8220;color-xsdn&#8220; heading_semantic=&#8220;h1&#8243; text_size=&#8220;h1&#8243; separator=&#8220;yes&#8220;]Kontakt[\/vc_custom_heading][vc_empty_space empty_h=&#8220;3&#8243;][\/vc_column_inner][\/vc_row_inner][\/uncode_slider][\/vc_column][\/vc_row][vc_row row_height_percent=&#8220;0&#8243; override_padding=&#8220;yes&#8220; h_padding=&#8220;2&#8243; top_padding=&#8220;5&#8243; bottom_padding=&#8220;5&#8243; overlay_alpha=&#8220;100&#8243; gutter_size=&#8220;100&#8243; column_width_percent=&#8220;100&#8243; shift_y=&#8220;0&#8243; z_index=&#8220;0&#8243; style=&#8220;inherited&#8220;][vc_column column_width_use_pixel=&#8220;yes&#8220; align_horizontal=&#8220;align_center&#8220; gutter_size=&#8220;4&#8243; overlay_alpha=&#8220;100&#8243; shift_x=&#8220;0&#8243; shift_y=&#8220;0&#8243; medium_width=&#8220;100&#8243; zoom_width=&#8220;0&#8243; zoom_height=&#8220;0&#8243; width=&#8220;1\/1&#8243; column_width_pixel=&#8220;1400&#8243;][vc_row_inner row_inner_height_percent=&#8220;0&#8243; overlay_alpha=&#8220;100&#8243; gutter_size=&#8220;3&#8243; shift_y=&#8220;0&#8243;][vc_column_inner column_width_percent=&#8220;100&#8243; align_horizontal=&#8220;align_center&#8220; gutter_size=&#8220;3&#8243; overlay_alpha=&#8220;100&#8243; shift_x=&#8220;0&#8243; shift_y=&#8220;0&#8243; medium_width=&#8220;3&#8243; zoom_width=&#8220;0&#8243; zoom_height=&#8220;0&#8243; width=&#8220;1\/2&#8243;][vc_icon icon=&#8220;fa fa-pencil2&#8243; icon_color=&#8220;accent&#8220; size=&#8220;fa-3x&#8220; heading_semantic=&#8220;h5&#8243; text_font=&#8220;font-762333&#8243; text_size=&#8220;h4&#8243; text_space=&#8220;fontspace-111509&#8243; text_reduced=&#8220;yes&#8220; title=&#8220;Check in&#8220; link=&#8220;target:_blank&#8220; link_text=&#8220;info@yoursite.com&#8220; uncode_shortcode_id=&#8220;137856&#8243; icon_color_type=&#8220;uncode-palette&#8220;]<strong>Check IN we rent<br \/>\nGletschermoosstra\u00dfe 4<br \/>\n5700 Zell am See<br \/>\n<\/strong><\/p>\n<p>15:30-24:00 Uhr<br \/>\n+43 664 635 8787<\/p>\n<p><a href=\"http:\/\/www.we-rent-apartments.com\/\">www.we-rent-apartments.com<\/a>[\/vc_icon][\/vc_column_inner][vc_column_inner column_width_percent=&#8220;100&#8243; align_horizontal=&#8220;align_center&#8220; gutter_size=&#8220;3&#8243; overlay_alpha=&#8220;100&#8243; shift_x=&#8220;0&#8243; shift_y=&#8220;0&#8243; medium_width=&#8220;3&#8243; zoom_width=&#8220;0&#8243; zoom_height=&#8220;0&#8243; width=&#8220;1\/2&#8243;][vc_icon icon=&#8220;fa fa-map-marker2&#8243; icon_color=&#8220;accent&#8220; size=&#8220;fa-3x&#8220; heading_semantic=&#8220;h5&#8243; text_font=&#8220;font-762333&#8243; text_size=&#8220;h4&#8243; text_space=&#8220;fontspace-111509&#8243; text_reduced=&#8220;yes&#8220; title=&#8220;Apartments&#8220; link=&#8220;url:https%3A%2F%2Fwww.google.it%2Fmaps%2Fdir%2F%2FNew%2BYork%2C%2BNY%2C%2BUSA%2F%4040.7127784%2C-74.0409606%2C13z%2Fdata%3D!3m1!4b1!4m8!4m7!1m0!1m5!1m1!1s0x89c24fa5d33f083b%3A0xc80b8f06e177fe62!2m2!1d-74.0059413!2d40.7127837%3Fhl%3Den||target:%20_blank&#8220; link_text=&#8220;Anfahrt berechnen&#8220;]<strong>Apartement Tevini<br \/>\n<\/strong>Gletschermoosstrasse 4<br \/>\n5700 Zell am See[\/vc_icon][\/vc_column_inner][\/vc_row_inner][\/vc_column][\/vc_row][vc_row unlock_row_content=&#8220;yes&#8220; row_height_percent=&#8220;60&#8243; override_padding=&#8220;yes&#8220; h_padding=&#8220;0&#8243; top_padding=&#8220;0&#8243; bottom_padding=&#8220;0&#8243; overlay_alpha=&#8220;100&#8243; gutter_size=&#8220;3&#8243; shift_y=&#8220;0&#8243;][vc_column column_width_percent=&#8220;100&#8243; position_horizontal=&#8220;left&#8220; gutter_size=&#8220;3&#8243; expand_height=&#8220;yes&#8220; overlay_alpha=&#8220;100&#8243; shift_x=&#8220;0&#8243; shift_y=&#8220;0&#8243; medium_width=&#8220;0&#8243; zoom_width=&#8220;0&#8243; zoom_height=&#8220;0&#8243; width=&#8220;1\/1&#8243; mobile_height=&#8220;250&#8243;][vc_gmaps latlon=&#8220;47.29826882135165, 12.792407350938392&#8243; map_color=&#8220;accent&#8220; ui_color=&#8220;color-rgdb&#8220; zoom=&#8220;13&#8243; map_saturation=&#8220;-20&#8243; map_brightness=&#8220;0&#8243; address=&#8220;APARTEMENT TEVINI<\/p>\n<p>by we rent apartments<br \/>\nGletschermoosstrasse 4<br \/>\n5700 Zell am See&#8220; uncode_shortcode_id=&#8220;201692&#8243; map_color_type=&#8220;uncode-palette&#8220; map_color_solid=&#8220;#ff0000&#8243; ui_color_type=&#8220;uncode-palette&#8220; ui_color_solid=&#8220;#ff0000&#8243;][\/vc_column][\/vc_row][vc_row][vc_column width=&#8220;1\/1&#8243;][vc_empty_space empty_h=&#8220;2&#8243;][\/vc_column][\/vc_row][vc_row][vc_column column_width_percent=&#8220;100&#8243; position_vertical=&#8220;middle&#8220; gutter_size=&#8220;3&#8243; overlay_alpha=&#8220;50&#8243; shift_x=&#8220;0&#8243; shift_y=&#8220;0&#8243; shift_y_down=&#8220;0&#8243; z_index=&#8220;0&#8243; medium_width=&#8220;0&#8243; mobile_width=&#8220;0&#8243; width=&#8220;1\/3&#8243;][vc_separator sep_color=&#8220;accent&#8220;][\/vc_column][vc_column column_width_percent=&#8220;100&#8243; position_vertical=&#8220;middle&#8220; align_horizontal=&#8220;align_center&#8220; gutter_size=&#8220;3&#8243; overlay_alpha=&#8220;50&#8243; shift_x=&#8220;0&#8243; shift_y=&#8220;0&#8243; shift_y_down=&#8220;0&#8243; z_index=&#8220;0&#8243; medium_width=&#8220;0&#8243; mobile_width=&#8220;0&#8243; width=&#8220;1\/3&#8243;][vc_custom_heading heading_semantic=&#8220;h1&#8243; text_size=&#8220;h1&#8243;]Anfahrt[\/vc_custom_heading][\/vc_column][vc_column column_width_percent=&#8220;100&#8243; position_vertical=&#8220;middle&#8220; gutter_size=&#8220;3&#8243; overlay_alpha=&#8220;50&#8243; shift_x=&#8220;0&#8243; shift_y=&#8220;0&#8243; shift_y_down=&#8220;0&#8243; z_index=&#8220;0&#8243; medium_width=&#8220;0&#8243; mobile_width=&#8220;0&#8243; width=&#8220;1\/3&#8243;][vc_separator sep_color=&#8220;accent&#8220;][\/vc_column][\/vc_row][vc_row][vc_column width=&#8220;1\/1&#8243;][vc_column_text]<strong>Anreisetipps f\u00fcr die Fahrt nach Zell am See &#8211; Kaprun mit dem PKW:<\/strong><\/p>\n<p>Von <strong>NORDEN<\/strong> kommend (Autobahnabfahrt Inzell in Richtung Unken &#8211; St.Martin &#8211; Saalfelden &#8211; Zell am See) beachtet bitte, dass auf \u00f6sterreichischen Autobahnen Vignettenpflicht besteht. Diese Mautplakette ist bei der Einreise nach \u00d6sterreich in grenznahen Tabakl\u00e4den, Tankstellen und Mautstellen erh\u00e4ltlich.<\/p>\n<p>Von <strong>S\u00dcDEN<\/strong> kommend folgt der Tauernautobahn A 10 in Richtung Salzburg, bei der Abfahrt Bischofshofen abfahren und Richtung Zell am See weiter fahren.<\/p>\n<p><span class=\"Apple-style-span\" style=\"font-family: tahoma, geneva, sans-serif;\"><span class=\"Apple-style-span\">Mit den <\/span><\/span><strong>\u00f6ffentlichen Verkehrsmitteln<\/strong><span class=\"Apple-style-span\" style=\"font-family: tahoma, geneva, sans-serif;\"><span class=\"Apple-style-span\"> nach Zell am See &#8211; Kaprun reisen: Weitere Infos sind auf der Homepage <\/span><\/span><a href=\"http:\/\/www.zellamsee.at\/\" target=\"_blank\" rel=\"noopener\"><span class=\"Apple-style-span\" style=\"font-family: tahoma, geneva, sans-serif;\"><span class=\"Apple-style-span\"><span class=\"Apple-style-span\" style=\"color: #0000ff;\">www.zellamsee.at<\/span><\/span><\/span><\/a><span class=\"Apple-style-span\" style=\"color: #0000ff;\">\u00a0<\/span><span class=\"Apple-style-span\">zu finden.<\/span>[\/vc_column_text][\/vc_column][\/vc_row][vc_row][vc_column width=&#8220;1\/1&#8243;][vc_empty_space empty_h=&#8220;2&#8243;][\/vc_column][\/vc_row][vc_row row_height_percent=&#8220;0&#8243; override_padding=&#8220;yes&#8220; h_padding=&#8220;2&#8243; top_padding=&#8220;5&#8243; bottom_padding=&#8220;5&#8243; overlay_alpha=&#8220;100&#8243; gutter_size=&#8220;100&#8243; shift_y=&#8220;0&#8243; style=&#8220;inherited&#8220;][vc_column column_width_use_pixel=&#8220;yes&#8220; align_horizontal=&#8220;align_center&#8220; gutter_size=&#8220;4&#8243; overlay_alpha=&#8220;100&#8243; shift_x=&#8220;0&#8243; shift_y=&#8220;0&#8243; z_index=&#8220;0&#8243; medium_width=&#8220;100&#8243; zoom_width=&#8220;0&#8243; zoom_height=&#8220;0&#8243; width=&#8220;1\/1&#8243; column_width_pixel=&#8220;1000&#8243;][vc_row_inner row_inner_height_percent=&#8220;0&#8243; overlay_alpha=&#8220;100&#8243; gutter_size=&#8220;3&#8243; shift_y=&#8220;0&#8243;][vc_column_inner column_width_use_pixel=&#8220;yes&#8220; align_horizontal=&#8220;align_center&#8220; gutter_size=&#8220;3&#8243; font_family=&#8220;font-134980&#8243; overlay_alpha=&#8220;100&#8243; shift_x=&#8220;0&#8243; shift_y=&#8220;0&#8243; medium_width=&#8220;0&#8243; zoom_width=&#8220;0&#8243; zoom_height=&#8220;0&#8243; width=&#8220;1\/1&#8243; column_width_pixel=&#8220;700&#8243;][vc_custom_heading heading_semantic=&#8220;h1&#8243; text_font=&#8220;font-202503&#8243; text_size=&#8220;h1&#8243; text_space=&#8220;fontspace-111509&#8243; sub_lead=&#8220;yes&#8220; sub_reduced=&#8220;yes&#8220; text_align=&#8220;text-center&#8220;]Email[\/vc_custom_heading][\/vc_column_inner][\/vc_row_inner][vc_raw_html]JTVCcXVmb3JtJTIwaWQlM0QlMjIxJTIyJTIwbmFtZSUzRCUyMkFuZnJhZ2Vmb3JtdWxhciUyMC0lMjBURVZJTkklMjIlNUQ=[\/vc_raw_html][\/vc_column][\/vc_row][vc_row row_height_percent=&#8220;0&#8243; override_padding=&#8220;yes&#8220; h_padding=&#8220;2&#8243; top_padding=&#8220;3&#8243; bottom_padding=&#8220;3&#8243; back_color=&#8220;accent&#8220; overlay_alpha=&#8220;0&#8243; equal_height=&#8220;yes&#8220; gutter_size=&#8220;3&#8243; shift_y=&#8220;0&#8243; mobile_visibility=&#8220;yes&#8220; style=&#8220;inherited&#8220;][vc_column column_width_percent=&#8220;100&#8243; align_horizontal=&#8220;align_center&#8220; gutter_size=&#8220;4&#8243; style=&#8220;dark&#8220; overlay_alpha=&#8220;100&#8243; shift_x=&#8220;0&#8243; shift_y=&#8220;0&#8243; medium_width=&#8220;0&#8243; zoom_width=&#8220;0&#8243; zoom_height=&#8220;0&#8243; width=&#8220;1\/1&#8243;][vc_icon display=&#8220;inline&#8220; icon=&#8220;fa fa-social-facebook&#8220; background_style=&#8220;fa-squared&#8220; size=&#8220;fa-2x&#8220; link=&#8220;url:https%3A%2F%2Fwww.facebook.com||target:%20_blank&#8220;][\/vc_icon][vc_icon display=&#8220;inline&#8220; icon=&#8220;fa fa-instagram&#8220; background_style=&#8220;fa-squared&#8220; size=&#8220;fa-2x&#8220; link=&#8220;url:%23||target:%20_blank&#8220;][\/vc_icon][\/vc_column][\/vc_row]<\/p>\n<\/div>","protected":false},"excerpt":{"rendered":"<p>[vc_row][vc_column width=&#8220;1\/1&#8243;][uncode_slider][vc_row_inner row_inner_height_percent=&#8220;0&#8243; back_image=&#8220;87697&#8243; back_position=&#8220;center center&#8220; overlay_color=&#8220;color-143431&#8243; overlay_alpha=&#8220;100&#8243; overlay_color_blend=&#8220;multiply&#8220; gutter_size=&#8220;3&#8243; shift_y=&#8220;0&#8243; z_index=&#8220;0&#8243;][vc_column_inner column_width_percent=&#8220;100&#8243; align_horizontal=&#8220;align_center&#8220; gutter_size=&#8220;3&#8243; overlay_alpha=&#8220;50&#8243; shift_x=&#8220;0&#8243; shift_y=&#8220;0&#8243; shift_y_down=&#8220;0&#8243; z_index=&#8220;0&#8243; [&hellip;]<\/p>\n","protected":false},"author":1,"featured_media":0,"parent":0,"menu_order":0,"comment_status":"closed","ping_status":"closed","template":"","meta":{"footnotes":""},"class_list":["post-88605","page","type-page","status-publish","hentry"],"_links":{"self":[{"href":"https:\/\/www.tevini.at\/de\/wp-json\/wp\/v2\/pages\/88605","targetHints":{"allow":["GET"]}}],"collection":[{"href":"https:\/\/www.tevini.at\/de\/wp-json\/wp\/v2\/pages"}],"about":[{"href":"https:\/\/www.tevini.at\/de\/wp-json\/wp\/v2\/types\/page"}],"author":[{"embeddable":true,"href":"https:\/\/www.tevini.at\/de\/wp-json\/wp\/v2\/users\/1"}],"replies":[{"embeddable":true,"href":"https:\/\/www.tevini.at\/de\/wp-json\/wp\/v2\/comments?post=88605"}],"version-history":[{"count":14,"href":"https:\/\/www.tevini.at\/de\/wp-json\/wp\/v2\/pages\/88605\/revisions"}],"predecessor-version":[{"id":89325,"href":"https:\/\/www.tevini.at\/de\/wp-json\/wp\/v2\/pages\/88605\/revisions\/89325"}],"wp:attachment":[{"href":"https:\/\/www.tevini.at\/de\/wp-json\/wp\/v2\/media?parent=88605"}],"curies":[{"name":"wp","href":"https:\/\/api.w.org\/{rel}","templated":true}]}}